{"id":209,"date":"2016-12-09T23:59:37","date_gmt":"2016-12-09T23:59:37","guid":{"rendered":"https:\/\/unespain.com\/es\/?page_id=209"},"modified":"2024-10-17T08:24:02","modified_gmt":"2024-10-17T08:24:02","slug":"sobre-nosotros","status":"publish","type":"page","link":"https:\/\/unespain.com\/es\/sobre-nosotros\/","title":{"rendered":"Sobre Nosotros"},"content":{"rendered":"<p>[et_pb_section fb_built=\u00bb1&#8243; custom_padding_last_edited=\u00bbon|desktop\u00bb admin_label=\u00bbsection\u00bb _builder_version=\u00bb3.22&#8243; custom_padding_tablet=\u00bb50px|0|50px|0&#8243; transparent_background=\u00bboff\u00bb padding_mobile=\u00bboff\u00bb make_fullwidth=\u00bboff\u00bb use_custom_width=\u00bboff\u00bb width_unit=\u00bboff\u00bb custom_width_px=\u00bb1080px\u00bb custom_width_percent=\u00bb80%\u00bb][et_pb_row padding_mobile=\u00bboff\u00bb column_padding_mobile=\u00bbon\u00bb admin_label=\u00bbrow\u00bb _builder_version=\u00bb3.25&#8243; background_size=\u00bbinitial\u00bb background_position=\u00bbtop_left\u00bb background_repeat=\u00bbrepeat\u00bb make_fullwidth=\u00bboff\u00bb use_custom_width=\u00bboff\u00bb width_unit=\u00bboff\u00bb custom_width_px=\u00bb1080px\u00bb custom_width_percent=\u00bb80%\u00bb][et_pb_column type=\u00bb4_4&#8243; _builder_version=\u00bb3.25&#8243; custom_padding=\u00bb|||\u00bb custom_padding__hover=\u00bb|||\u00bb][et_pb_image src=\u00bbhttps:\/\/unespain.com\/es\/wp-content\/uploads\/2020\/11\/Polish_20201117_183558699.jpg\u00bb align_tablet=\u00bbcenter\u00bb align_last_edited=\u00bbon|desktop\u00bb _builder_version=\u00bb3.23&#8243; animation_style=\u00bbslide\u00bb animation_direction=\u00bbleft\u00bb animation_duration=\u00bb500ms\u00bb animation_intensity_slide=\u00bb10%\u00bb use_border_color=\u00bboff\u00bb border_color=\u00bb#ffffff\u00bb border_width=\u00bb1px\u00bb border_style=\u00bbsolid\u00bb sticky=\u00bboff\u00bb always_center_on_mobile=\u00bbon\u00bb][\/et_pb_image][et_pb_text admin_label=\u00bbTexto\u00bb _builder_version=\u00bb3.27.4&#8243; background_size=\u00bbinitial\u00bb background_position=\u00bbtop_left\u00bb background_repeat=\u00bbrepeat\u00bb use_border_color=\u00bboff\u00bb border_style=\u00bbsolid\u00bb inline_fonts=\u00bbRaleway\u00bb]<\/p>\n<h5><\/h5>\n<h4><\/h4>\n<h4><span style=\"color: #333333; font-family: Raleway; font-weight: normal;\">Historia<\/span><\/h4>\n<p><span style=\"font-family: Raleway; font-weight: normal;\">UNESPAIN es la primera plataforma colaborativa B2B especializada en servicios de consultoria, recursos humanos, outsourcing e internacionalizaci\u00f3n con principal foco en Espa\u00f1a y Latinoam\u00e9rica y en idioma espa\u00f1ol.<\/span><\/p>\n<p><span style=\"font-family: Raleway; font-weight: normal;\">UNESPAIN es la herramienta web y mobile de negocios y networking B2B Online lanzada en diciembre de 2016 y propiedad de UneSpain LATAM Consulting, fundada en el a\u00f1o 2013 por el soci\u00f3logo espa\u00f1ol David C\u00e1novas. UneSpain LATAM Consulting est\u00e1 presente a nivel mundial con Oficinas en Europa; sede social en Elche-Alicante y delegaci\u00f3n en Madrid (Espa\u00f1a) y en Latinoam\u00e9rica\u00a0 en C\u00f3rdoba (Argentina), y sucursales virtuales en m\u00e1s de 20 pa\u00edses a trav\u00e9s de sus Country Managers.<\/span><\/p>\n<p><span style=\"font-family: Raleway; font-weight: normal;\">La plataforma de UNESPAIN ya cuenta con una red internacional compuesta por m\u00e1s de 25,000 profesionales y empresas registradas de 90 pa\u00edses; Am\u00e9rica del Sur, Centroam\u00e9rica y Caribe, Am\u00e9rica del Norte, Europa, \u00c1frica, Asia y Ocean\u00eda. Adem\u00e1s, desde 2019 est\u00e1 tambi\u00e9n operativa nuestra segunda plataforma UNEAMERICAS (<a href=\"http:\/\/www.uneAmericas.com\">www.uneAmericas.com<\/a>) para ampliar el alcance a los Estados Unidos de Am\u00e9rica.<\/span><\/p>\n<p><span style=\"font-family: Raleway; font-weight: normal;\">\u00a0<\/span><\/p>\n<h4><span style=\"color: #333333; font-family: Raleway; font-weight: normal;\">Misi\u00f3n<\/span><\/h4>\n<blockquote>\n<h4 dir=\"ltr\"><span style=\"color: #e09900; font-family: Raleway; font-weight: normal;\">Nuestra misi\u00f3n es llegar a ser el <strong>Marketplace B2B L\u00edder<\/strong> de servicios a empresas <strong>en pa\u00edses de habla hispana.<\/strong><\/span><\/h4>\n<\/blockquote>\n<p dir=\"ltr\"><span style=\"font-family: Raleway; font-weight: normal;\">Ayudar a desarrollar con \u00e9xito empresas y facilitar los contactos de negocio principalmente en el mercado Latinoamericano, para desarrollar nuevos negocios, innovar, invertir, construir, exportar e importar, contratar servicios, sumar talentos y facilitar los traslados internacionales.<\/span><\/p>\n<p dir=\"ltr\"><span style=\"font-family: Raleway; font-weight: normal;\">En definitiva, ayudar a las empresas a establecer relaciones \u201cwin to win\u201d en un mercado cada vez m\u00e1s global y especializado.<\/span><\/p>\n<h4 dir=\"ltr\"><\/h4>\n<p><span style=\"font-family: Raleway; font-weight: normal;\">\u00a0<\/span><\/p>\n<h4 dir=\"ltr\"><span style=\"color: #333333; font-family: Raleway; font-weight: normal;\">Valor<\/span><\/h4>\n<p dir=\"ltr\"><span style=\"font-family: Raleway; font-weight: normal;\">Nuestro Valor Diferencial est\u00e1 fundamentado en el desarrollo de una nueva cosmovisi\u00f3n de los negocios, m\u00e1s multidisciplinar, m\u00e1s tecnol\u00f3gico, con m\u00e1s trascendencia del factor humano, y con un alcance global.<\/span><\/p>\n<p dir=\"ltr\"><span style=\"font-family: Raleway; font-weight: normal;\">UNESPAIN es la nueva forma de hacer negocios y networking en sinergia y colaboraci\u00f3n.<\/span><\/p>\n<p><span style=\"font-family: Raleway; font-weight: normal;\">La soluci\u00f3n m\u00e1s r\u00e1pida y sencilla para conectar empresas y profesionales, anunciar tus productos y servicios, y comparar presupuestos ONLINE, sin spam, sin publicidad..<\/span><\/p>\n<h4><\/h4>\n<h4><span style=\"font-family: Raleway; font-weight: normal;\"><strong>Y SIN COMISIONES\u00a0 !!!!!<\/strong><\/span><\/h4>\n<h4><\/h4>\n<h3><span style=\"color: #ff6600; font-family: Raleway; font-weight: normal;\"><strong>Todo en una misma Plataforma !!!<\/strong><\/span><\/h3>\n<p>&nbsp;<\/p>\n<p>&nbsp;<\/p>\n<p>&nbsp;<\/p>\n<p>&nbsp;<\/p>\n<h5 style=\"background-color: #ffffff; text-align: center;\"><span style=\"font-size: 16px; font-family: Raleway;\"><strong style=\"font-size: 16px;\"><span style=\"font-size: 16px; color: #0000ff;\">\u00bfNecesitas ayuda?<\/span><\/strong>\u00a0Contacta con nuestro servicio de atenci\u00f3n al cliente online:<\/span><\/h5>\n<h4 style=\"background-color: #ffffff; text-align: center;\"><\/h4>\n<h3 style=\"background-color: #ffffff; text-align: center;\"><span style=\"font-size: 22px; color: #0000ff; font-family: Raleway;\"><a href=\"mailto:info@unespain.com\">info@unespain.com<\/a><\/span><\/h3>\n<h5 style=\"background-color: #ffffff; text-align: center;\"><span style=\"font-size: 16px; font-family: Raleway;\">\u00a0<\/span><\/h5>\n<h5 style=\"background-color: #ffffff; text-align: center;\"><span style=\"font-size: 16px; font-family: Raleway;\">\u00f3 env\u00edanos un mensaje de\u00a0<a href=\"https:\/\/api.whatsapp.com\/send?phone=34602210125\"><strong><span style=\"color: #14b512;\">whatsapp\u00a0<\/span><\/strong><\/a><\/span><\/h5>\n<p><span style=\"font-family: Raleway; font-weight: normal;\">\u00a0<\/span><\/p>\n<p>[\/et_pb_text][\/et_pb_column][\/et_pb_row][\/et_pb_section]<\/p>\n","protected":false},"excerpt":{"rendered":"<p>[et_pb_section fb_built=\u00bb1&#8243; custom_padding_last_edited=\u00bbon|desktop\u00bb admin_label=\u00bbsection\u00bb _builder_version=\u00bb3.22&#8243; custom_padding_tablet=\u00bb50px|0|50px|0&#8243; transparent_background=\u00bboff\u00bb padding_mobile=\u00bboff\u00bb make_fullwidth=\u00bboff\u00bb use_custom_width=\u00bboff\u00bb width_unit=\u00bboff\u00bb custom_width_px=\u00bb1080px\u00bb custom_width_percent=\u00bb80%\u00bb][et_pb_row padding_mobile=\u00bboff\u00bb column_padding_mobile=\u00bbon\u00bb admin_label=\u00bbrow\u00bb _builder_version=\u00bb3.25&#8243; background_size=\u00bbinitial\u00bb background_position=\u00bbtop_left\u00bb background_repeat=\u00bbrepeat\u00bb make_fullwidth=\u00bboff\u00bb use_custom_width=\u00bboff\u00bb width_unit=\u00bboff\u00bb custom_width_px=\u00bb1080px\u00bb custom_width_percent=\u00bb80%\u00bb][et_pb_column type=\u00bb4_4&#8243; _builder_version=\u00bb3.25&#8243; custom_padding=\u00bb|||\u00bb custom_padding__hover=\u00bb|||\u00bb][et_pb_image src=\u00bbhttps:\/\/unespain.com\/es\/wp-content\/uploads\/2020\/11\/Polish_20201117_183558699.jpg\u00bb align_tablet=\u00bbcenter\u00bb align_last_edited=\u00bbon|desktop\u00bb _builder_version=\u00bb3.23&#8243; animation_style=\u00bbslide\u00bb animation_direction=\u00bbleft\u00bb animation_duration=\u00bb500ms\u00bb animation_intensity_slide=\u00bb10%\u00bb use_border_color=\u00bboff\u00bb border_color=\u00bb#ffffff\u00bb border_width=\u00bb1px\u00bb border_style=\u00bbsolid\u00bb sticky=\u00bboff\u00bb always_center_on_mobile=\u00bbon\u00bb][\/et_pb_image][et_pb_text admin_label=\u00bbTexto\u00bb _builder_version=\u00bb3.27.4&#8243; background_size=\u00bbinitial\u00bb background_position=\u00bbtop_left\u00bb background_repeat=\u00bbrepeat\u00bb use_border_color=\u00bboff\u00bb border_style=\u00bbsolid\u00bb inline_fonts=\u00bbRaleway\u00bb] Historia UNESPAIN es la [&hellip;]<\/p>\n","protected":false},"author":2,"featured_media":0,"parent":0,"menu_order":0,"comment_status":"closed","ping_status":"closed","template":"","meta":{"_et_pb_use_builder":"on","_et_pb_old_content":"<h5>\u00a0<\/h5><h4><span style=\"color: #333333;\">Historia<\/span><\/h4><p>UNESPAIN es el primer marketplace B2B especializado en servicios de consultoria, recursos humanos, outsourcing e internacionalizaci\u00f3n con principal foco en Espa\u00f1a y Latinoam\u00e9rica y en idioma espa\u00f1ol.<\/p><p>UNESPAIN es la herramienta web de negocios y networking B2B Online propiedad del Grupo UneSPAIN LATAM Consulting fundado en el a\u00f1o 2013 por el soci\u00f3logo espa\u00f1ol David C\u00e1novas. El Grupo UneSPAIN LATAM est\u00e1 presente a nivel mundial con Oficinas en Europa; sede social en Elche-Alicante y delegaci\u00f3n en Madrid (Espa\u00f1a) y en Latinoam\u00e9rica\u00a0 en C\u00f3rdoba (Argentina), y sucursales virtuales en m\u00e1s de 20 pa\u00edses a trav\u00e9s de sus Country Managers.<\/p><p>La plataforma de UNESPAIN ya cuenta con una red internacional compuesta por m\u00e1s de 3,700 profesionales y 1,300 empresas registrados de m\u00e1s de 80 pa\u00edses; Am\u00e9rica del Sur, Centroam\u00e9rica y Caribe, Am\u00e9rica del Norte, Europa, \u00c1frica, Asia y Ocean\u00eda.<\/p><p>\u00a0<\/p><h4><span style=\"color: #333333;\">Misi\u00f3n<\/span><\/h4><blockquote><h4 dir=\"ltr\"><span style=\"color: #808080;\">Nuestra misi\u00f3n es llegar a ser el <strong>Marketplace B2B L\u00edder<\/strong> de servicios a empresas <strong>en pa\u00edses de habla hispana.<\/strong><\/span><\/h4><\/blockquote><p dir=\"ltr\">Ayudar a desarrollar con \u00e9xito empresas y facilitar los contactos de negocio principalmente en el mercado Latinoamericano, para desarrollar nuevos negocios, innovar, invertir, construir, exportar e importar, contratar servicios, sumar talentos y facilitar los traslados internacionales.<\/p><p dir=\"ltr\">En definitiva, ayudar a las empresas a establecer relaciones \u201cwin to win\u201d en un mercado cada vez m\u00e1s global y especializado.<\/p><h4 dir=\"ltr\">\u00a0<\/h4><p>\u00a0<\/p><h4 dir=\"ltr\"><span style=\"color: #333333;\">Valor<\/span><\/h4><p dir=\"ltr\">Nuestro Valor Diferencial est\u00e1 fundamentado en el desarrollo de una nueva cosmovisi\u00f3n de los negocios, m\u00e1s multidisciplinar, m\u00e1s tecnol\u00f3gico, con m\u00e1s trascendencia del factor humano, y con un alcance global.<\/p><p dir=\"ltr\">UNESPAIN es la nueva forma de hacer negocios en sinergia y colaboraci\u00f3n.<\/p><p>La soluci\u00f3n m\u00e1s r\u00e1pida y sencilla para conectar empresas y profesionales, anunciar tus productos y servicios, solicitar y comparar presupuestos ONLINE, sin spam, sin publicidad..<\/p><p><strong>Y SIN COMISIONES\u00a0 !!!!!<\/strong><\/p><p><span style=\"color: #ff6600;\"><strong>Todo en una misma Plataforma !!!<\/strong><\/span><\/p><p>\u00a0<\/p>","_et_gb_content_width":"","om_disable_all_campaigns":false,"_monsterinsights_skip_tracking":false,"_monsterinsights_sitenote_active":false,"_monsterinsights_sitenote_note":"","_monsterinsights_sitenote_category":0,"_joinchat":[],"footnotes":""},"class_list":["post-209","page","type-page","status-publish","hentry"],"aioseo_notices":[],"_links":{"self":[{"href":"https:\/\/unespain.com\/es\/wp-json\/wp\/v2\/pages\/209","targetHints":{"allow":["GET"]}}],"collection":[{"href":"https:\/\/unespain.com\/es\/wp-json\/wp\/v2\/pages"}],"about":[{"href":"https:\/\/unespain.com\/es\/wp-json\/wp\/v2\/types\/page"}],"author":[{"embeddable":true,"href":"https:\/\/unespain.com\/es\/wp-json\/wp\/v2\/users\/2"}],"replies":[{"embeddable":true,"href":"https:\/\/unespain.com\/es\/wp-json\/wp\/v2\/comments?post=209"}],"version-history":[{"count":67,"href":"https:\/\/unespain.com\/es\/wp-json\/wp\/v2\/pages\/209\/revisions"}],"predecessor-version":[{"id":1972,"href":"https:\/\/unespain.com\/es\/wp-json\/wp\/v2\/pages\/209\/revisions\/1972"}],"wp:attachment":[{"href":"https:\/\/unespain.com\/es\/wp-json\/wp\/v2\/media?parent=209"}],"curies":[{"name":"wp","href":"https:\/\/api.w.org\/{rel}","templated":true}]}}