{"id":212,"date":"2016-12-10T00:03:03","date_gmt":"2016-12-10T00:03:03","guid":{"rendered":"https:\/\/unespain.com\/es\/?page_id=212"},"modified":"2024-01-02T18:33:04","modified_gmt":"2024-01-02T18:33:04","slug":"como-funciona","status":"publish","type":"page","link":"https:\/\/unespain.com\/es\/como-funciona\/","title":{"rendered":"C\u00f3mo funciona"},"content":{"rendered":"<p>[et_pb_section transparent_background=\u00bboff\u00bb allow_player_pause=\u00bboff\u00bb inner_shadow=\u00bboff\u00bb parallax=\u00bboff\u00bb parallax_method=\u00bbon\u00bb padding_mobile=\u00bboff\u00bb make_fullwidth=\u00bboff\u00bb use_custom_width=\u00bboff\u00bb width_unit=\u00bboff\u00bb custom_width_px=\u00bb1080px\u00bb custom_width_percent=\u00bb80%\u00bb make_equal=\u00bboff\u00bb use_custom_gutter=\u00bboff\u00bb fullwidth=\u00bboff\u00bb specialty=\u00bboff\u00bb admin_label=\u00bbsection\u00bb disabled=\u00bboff\u00bb][et_pb_row make_fullwidth=\u00bboff\u00bb use_custom_width=\u00bboff\u00bb width_unit=\u00bboff\u00bb custom_width_px=\u00bb1080px\u00bb custom_width_percent=\u00bb80%\u00bb use_custom_gutter=\u00bboff\u00bb gutter_width=\u00bb3&#8243; padding_mobile=\u00bboff\u00bb allow_player_pause=\u00bboff\u00bb parallax=\u00bboff\u00bb parallax_method=\u00bbon\u00bb make_equal=\u00bboff\u00bb column_padding_mobile=\u00bbon\u00bb parallax_1=\u00bboff\u00bb parallax_method_1=\u00bbon\u00bb parallax_2=\u00bboff\u00bb parallax_method_2=\u00bbon\u00bb parallax_3=\u00bboff\u00bb parallax_method_3=\u00bbon\u00bb parallax_4=\u00bboff\u00bb parallax_method_4=\u00bbon\u00bb admin_label=\u00bbrow\u00bb disabled=\u00bboff\u00bb][et_pb_column type=\u00bb4_4&#8243; disabled=\u00bboff\u00bb parallax=\u00bboff\u00bb parallax_method=\u00bbon\u00bb column_padding_mobile=\u00bbon\u00bb][et_pb_text background_layout=\u00bblight\u00bb text_orientation=\u00bbleft\u00bb admin_label=\u00bbTexto\u00bb use_border_color=\u00bboff\u00bb border_style=\u00bbsolid\u00bb disabled=\u00bboff\u00bb inline_fonts=\u00bbRaleway,Raleway Light\u00bb]<\/p>\n<h2 style=\"text-align: center;\"><\/h2>\n<p>&nbsp;<\/p>\n<h2 style=\"text-align: center;\"><\/h2>\n<h2 style=\"text-align: center;\"><span style=\"color: #333300; font-family: Raleway; font-size: xx-large;\"><strong>UNESPAIN B2B Paso a Paso<\/strong><\/span><\/h2>\n<p><span style=\"font-family: Raleway;\">&nbsp;<\/span><\/p>\n<p><span style=\"color: #333333; font-weight: 300; font-size: x-large;\"><strong>01 Publica un anuncio<\/strong>&nbsp;(desde contratar un servicio, importar un producto, ofrecer un servicio &oacute; publicar una oferta de empleo..). Reg&iacute;strate&nbsp;<span style=\"color: #ff6600;\">GRATIS<\/span>&nbsp;y publica tu anuncio mediante una sencilla y completa interfaz (tus publicaciones tienen hasta 30 d&iacute;as de vigencia).<\/span><\/p>\n<p><span style=\"font-weight: 300; font-size: x-large;\">&nbsp;<\/span><\/p>\n<p><span style=\"color: #333333; font-weight: 300; font-size: x-large;\"><strong>02 Recibe presupuestos de profesionales<\/strong> <span style=\"color: #ff6600;\">GRATIS<\/span>. Enviamos tu solicitud a empresas proveedoras de servicios. Estas eligen si aceptan tu solicitud y en caso afirmativo te env&iacute;an un presupuesto a trav&eacute;s de nuestro formulario standard que deber&aacute; contener Precio + Propuesta (detalle del producto\/servicio, plazos, modo de env&iacute;o..).<\/span><\/p>\n<p><span style=\"font-weight: 300; font-size: x-large;\">&nbsp;<\/span><\/p>\n<p><span style=\"color: #333333; font-weight: 300; font-size: x-large;\"><strong>03 Compara los diferentes presupuestos<\/strong> y cuando est&eacute;s seguro de tu elecci&oacute;n elige el que m&aacute;s se adapte a tus necesidades. <strong>Ponte en contacto con los profesionales que te interesen<\/strong>, confirma el presupuesto e inicia el proceso de compra &oacute; contrataci&oacute;n del servicio (los 2 primeros contactos son <span style=\"color: #ff6600;\">GRATIS<\/span>)<\/span><\/p>\n<p><span style=\"font-weight: 300; font-size: x-large;\">&nbsp;<\/span><\/p>\n<p><span style=\"color: #333333; font-weight: 300; font-size: x-large;\"><strong>04 Negocia<\/strong> los detalles del contrato <strong>directamente con el profesional<\/strong> <strong>sin intermediaci&oacute;n de Unespain<\/strong>, define bien el servicio &oacute; producto a contratar, pacta los plazos, los medios de pago y el precio final.<\/span><\/p>\n<p><span style=\"font-weight: 300; font-size: x-large;\">&nbsp;<\/span><\/p>\n<p><span style=\"color: #333333; font-weight: 300; font-size: x-large;\"><strong>05 Confirma el servicio realizando el pago al profesional,<\/strong>&nbsp;e inicia el proceso de compra, entrega del servicio, &oacute; desarrollo del proyecto fuera de la Plataforma. <strong>Unespain no aplica comisiones finales<\/strong> ni m&aacute;rgenes por resultados.<\/span><\/p>\n<p><span style=\"font-weight: 300; font-size: x-large;\">&nbsp;<\/span><\/p>\n<p><span style=\"font-weight: 300; font-size: x-large;\"><span style=\"color: #333333;\"><strong>06 <\/strong>Tambi&eacute;n puedes <strong>contactar directamente con profesionales y empresas<\/strong> en nuestro Buscador directo de Profesionales y a&ntilde;adirlos a Mis Favoritos para hacer negocios y networking online, &oacute; solicitar servicios y productos (dispones de 10 contactos <span style=\"color: #ff6600;\">GRATIS<\/span>&nbsp;al mes&nbsp;<\/span><span style=\"color: #333333;\">en el Buscador).<\/span><\/span><\/p>\n<p><span style=\"font-weight: 300; font-size: x-large;\">&nbsp;<\/span><\/p>\n<p><span style=\"font-weight: 300; font-size: x-large;\"><span style=\"color: #000000;\"><strong>07 C<\/strong><strong>ontrata una cuenta Premium <\/strong><\/span>&nbsp;para destacar tus publicaciones y presupuestos y aparecer en las primeras posiciones en los listados, <span style=\"color: #000000;\"><strong>hacer tu perfil exclusivo para aumentar la visibilidad<\/strong><\/span> dentro y fuera de la plataforma y conseguir m&aacute;s clientes y contactos de negocio.<\/span><\/p>\n<p><span style=\"font-weight: 300; font-size: x-large;\">&nbsp;<\/span><\/p>\n<p><span style=\"font-weight: 300; font-size: x-large;\"><span style=\"color: #000000;\"><strong>08 Crea tu propia tienda Online 24h con galeria de productos y certificados de calidad<\/strong><\/span> para mostrar en tu perfil p&uacute;blico (solo disponible para cuentas Premium)<\/span><\/p>\n<p><span style=\"font-size: x-large;\">&nbsp;<\/span><\/p>\n<p>&nbsp;<\/p>\n<p><span style=\"font-family: Raleway;\">&nbsp;<\/span><\/p>\n<h2><span style=\"font-family: Raleway; color: #bb8822;\"><strong>&iexcl;&iexcl;&iexcl; Hazte Premium desde solo 49 euros al mes !!!<\/strong><\/span><\/h2>\n<p>&nbsp;<\/p>\n<p>&nbsp;<\/p>\n<h5 style=\"background-color: #ffffff; text-align: center;\"><span style=\"font-size: 16px; font-family: Raleway;\"><strong style=\"font-size: 16px;\"><span style=\"font-size: 16px; color: #0000ff;\">&iquest;Necesitas ayuda?<\/span><\/strong>&nbsp;Contacta con nuestro servicio de atenci&oacute;n al cliente online:<\/span><\/h5>\n<h4 style=\"background-color: #ffffff; text-align: center;\"><\/h4>\n<h3 style=\"background-color: #ffffff; text-align: center;\"><span style=\"font-size: 22px; color: #0000ff; font-family: Raleway;\"><a style=\"font-size: 22px;\" href=\"mailto:info@unespain.com\">info@unespain.com<\/a><\/span><\/h3>\n<h5 style=\"background-color: #ffffff; text-align: center;\"><span style=\"font-size: 16px; font-family: Raleway;\">&nbsp;<\/span><\/h5>\n<h5 style=\"background-color: #ffffff; text-align: center;\"><span style=\"font-size: 16px; font-family: Raleway;\">&oacute; env&iacute;anos un mensaje de&nbsp;<strong style=\"font-size: 16px;\"><span style=\"font-size: 16px; color: #14b512;\"><a href=\"https:\/\/api.whatsapp.com\/send?phone=34602210125\">whatsapp<\/a>&nbsp;<\/span><\/strong><\/span><\/h5>\n<p><span style=\"font-family: Raleway;\">&nbsp;<\/span><\/p>\n<p>&nbsp;<\/p>\n<p>[\/et_pb_text][\/et_pb_column][\/et_pb_row][\/et_pb_section]<\/p>\n","protected":false},"excerpt":{"rendered":"<p>[et_pb_section transparent_background=\u00bboff\u00bb allow_player_pause=\u00bboff\u00bb inner_shadow=\u00bboff\u00bb parallax=\u00bboff\u00bb parallax_method=\u00bbon\u00bb padding_mobile=\u00bboff\u00bb make_fullwidth=\u00bboff\u00bb use_custom_width=\u00bboff\u00bb width_unit=\u00bboff\u00bb custom_width_px=\u00bb1080px\u00bb custom_width_percent=\u00bb80%\u00bb make_equal=\u00bboff\u00bb use_custom_gutter=\u00bboff\u00bb fullwidth=\u00bboff\u00bb specialty=\u00bboff\u00bb admin_label=\u00bbsection\u00bb disabled=\u00bboff\u00bb][et_pb_row make_fullwidth=\u00bboff\u00bb use_custom_width=\u00bboff\u00bb width_unit=\u00bboff\u00bb custom_width_px=\u00bb1080px\u00bb custom_width_percent=\u00bb80%\u00bb use_custom_gutter=\u00bboff\u00bb gutter_width=\u00bb3&#8243; padding_mobile=\u00bboff\u00bb allow_player_pause=\u00bboff\u00bb parallax=\u00bboff\u00bb parallax_method=\u00bbon\u00bb make_equal=\u00bboff\u00bb column_padding_mobile=\u00bbon\u00bb parallax_1=\u00bboff\u00bb parallax_method_1=\u00bbon\u00bb parallax_2=\u00bboff\u00bb parallax_method_2=\u00bbon\u00bb parallax_3=\u00bboff\u00bb parallax_method_3=\u00bbon\u00bb parallax_4=\u00bboff\u00bb parallax_method_4=\u00bbon\u00bb admin_label=\u00bbrow\u00bb disabled=\u00bboff\u00bb][et_pb_column type=\u00bb4_4&#8243; disabled=\u00bboff\u00bb parallax=\u00bboff\u00bb parallax_method=\u00bbon\u00bb column_padding_mobile=\u00bbon\u00bb][et_pb_text background_layout=\u00bblight\u00bb text_orientation=\u00bbleft\u00bb admin_label=\u00bbTexto\u00bb use_border_color=\u00bboff\u00bb border_style=\u00bbsolid\u00bb disabled=\u00bboff\u00bb inline_fonts=\u00bbRaleway,Raleway Light\u00bb] &nbsp; [&hellip;]<\/p>\n","protected":false},"author":2,"featured_media":0,"parent":0,"menu_order":0,"comment_status":"closed","ping_status":"closed","template":"","meta":{"_et_pb_use_builder":"on","_et_pb_old_content":"<h2 style=\"text-align: center;\">\u00a0<\/h2><p>\u00a0<\/p><h2 style=\"text-align: center;\">\u00a0<\/h2><h2 style=\"text-align: center;\"><span style=\"color: #333300;\"><strong>UNESPAIN B2B Paso a Paso<\/strong><\/span><\/h2><p>\u00a0<\/p><h4 style=\"text-align: justify;\"><span style=\"color: #333333;\"><strong>01 Publica un servicio<\/strong> (desde contratar un servicio, importar un producto, ofrecer un servicio \u00f3 publicar una oferta de empleo..). Reg\u00edstrate\u00a0<span style=\"color: #ff6600;\">GRATIS<\/span>\u00a0y publica tu servicio mediante una sencilla y completa interfaz (tus publicaciones tienen hasta 30 d\u00edas de vigencia).<\/span><\/h4><p>\u00a0<\/p><h4 style=\"text-align: justify;\"><span style=\"color: #333333;\"><strong>02 Recibe presupuestos de profesionales<\/strong> <span style=\"color: #ff6600;\">GRATIS<\/span>. Enviamos tu solicitud a empresas proveedoras de servicios. Estas eligen si aceptan tu solicitud y en caso afirmativo te env\u00edan un presupuesto a trav\u00e9s de nuestro formulario standard que deber\u00e1 contener Precio + Propuesta (detalle del producto\/servicio, plazos, modo de env\u00edo..).<\/span><\/h4><h4>\u00a0<\/h4><p>\u00a0<\/p><h4 style=\"text-align: justify;\"><span style=\"color: #333333;\"><strong>03 Compara los diferentes presupuestos<\/strong> y cuando est\u00e9s seguro de tu elecci\u00f3n elige el que m\u00e1s se adapte a tus necesidades. <strong>Paga s\u00f3lo para desbloquear los datos y ponerte en contacto con los profesionales que te interesen<\/strong>, confirmar el presupuesto e iniciar el proceso de compra \u00f3 contrataci\u00f3n del servicio (los 2 primeros contactos son <span style=\"color: #ff6600;\">GRATIS<\/span>)<\/span><\/h4><h4>\u00a0<\/h4><p>\u00a0<\/p><h4 style=\"text-align: justify;\"><span style=\"color: #333333;\"><strong>04 Negocia<\/strong> los detalles del contrato <strong>directamente con el profesional<\/strong> <strong>sin intermediaci\u00f3n de Unespain<\/strong>, define bien el servicio \u00f3 producto a contratar, pacta los plazos, los medios de pago y el precio final.<\/span><\/h4><h4>\u00a0<\/h4><p>\u00a0<\/p><h4 style=\"text-align: justify;\"><span style=\"color: #333333;\"><strong>05 Confirma el servicio realizando el pago al profesional,<\/strong>\u00a0e inicia el proceso de compra, entrega del servicio, \u00f3 desarrollo del proyecto fuera de la Plataforma. <strong>Unespain no aplica comisiones finales<\/strong> ni m\u00e1rgenes por resultados.<\/span><\/h4><h4>\u00a0<\/h4><p>\u00a0<\/p><h4 style=\"text-align: justify;\"><span style=\"color: #333333;\"><strong>06 <\/strong>Tambi\u00e9n puedes <strong>contactar directamente con profesionales y empresas<\/strong> en nuestro Buscador directo de Profesionales y a\u00f1adirlos a Mis Favoritos para hacer negocios \u00f3 solicitar servicios (dispones de 10 contactos <span style=\"color: #ff6600;\">GRATIS<\/span>\u00a0al mes\u00a0<\/span><span style=\"color: #333333;\">en el Buscador).<\/span><\/h4><p>\u00a0<\/p><h4><strong>07 C<\/strong><strong>ontrata una cuenta Premium <\/strong>\u00a0para destacar tus publicaciones y presupuestos y aparecer en las primeras posiciones en los listados, <strong>hacer tu perfil exclusivo para aumentar la visibilidad<\/strong> dentro y fuera de la plataforma y conseguir m\u00e1s clientes y contactos de negocio.<\/h4><p>\u00a0<\/p><h2><strong><span style=\"color: #ff6600;\">\u00a1\u00a1\u00a1 Hazte Premium desde solo 29 euros al mes !!!<\/span><\/strong><\/h2><p>\u00a0<\/p><p>\u00a0<\/p>","_et_gb_content_width":"","om_disable_all_campaigns":false,"_monsterinsights_skip_tracking":false,"_monsterinsights_sitenote_active":false,"_monsterinsights_sitenote_note":"","_monsterinsights_sitenote_category":0,"_joinchat":[],"footnotes":""},"class_list":["post-212","page","type-page","status-publish","hentry"],"aioseo_notices":[],"_links":{"self":[{"href":"https:\/\/unespain.com\/es\/wp-json\/wp\/v2\/pages\/212","targetHints":{"allow":["GET"]}}],"collection":[{"href":"https:\/\/unespain.com\/es\/wp-json\/wp\/v2\/pages"}],"about":[{"href":"https:\/\/unespain.com\/es\/wp-json\/wp\/v2\/types\/page"}],"author":[{"embeddable":true,"href":"https:\/\/unespain.com\/es\/wp-json\/wp\/v2\/users\/2"}],"replies":[{"embeddable":true,"href":"https:\/\/unespain.com\/es\/wp-json\/wp\/v2\/comments?post=212"}],"version-history":[{"count":38,"href":"https:\/\/unespain.com\/es\/wp-json\/wp\/v2\/pages\/212\/revisions"}],"predecessor-version":[{"id":1909,"href":"https:\/\/unespain.com\/es\/wp-json\/wp\/v2\/pages\/212\/revisions\/1909"}],"wp:attachment":[{"href":"https:\/\/unespain.com\/es\/wp-json\/wp\/v2\/media?parent=212"}],"curies":[{"name":"wp","href":"https:\/\/api.w.org\/{rel}","templated":true}]}}