{"id":246,"date":"2016-12-10T00:33:43","date_gmt":"2016-12-10T00:33:43","guid":{"rendered":"https:\/\/unespain.com\/es\/?page_id=246"},"modified":"2023-12-29T10:11:32","modified_gmt":"2023-12-29T10:11:32","slug":"politica-de-privacidad","status":"publish","type":"page","link":"https:\/\/unespain.com\/es\/politica-de-privacidad\/","title":{"rendered":"Politica de Privacidad"},"content":{"rendered":"<p>[et_pb_section transparent_background=\u00bboff\u00bb allow_player_pause=\u00bboff\u00bb inner_shadow=\u00bboff\u00bb parallax=\u00bboff\u00bb parallax_method=\u00bbon\u00bb padding_mobile=\u00bboff\u00bb make_fullwidth=\u00bboff\u00bb use_custom_width=\u00bboff\u00bb width_unit=\u00bboff\u00bb custom_width_px=\u00bb1080px\u00bb custom_width_percent=\u00bb80%\u00bb make_equal=\u00bboff\u00bb use_custom_gutter=\u00bboff\u00bb fullwidth=\u00bboff\u00bb specialty=\u00bboff\u00bb admin_label=\u00bbsection\u00bb disabled=\u00bboff\u00bb][et_pb_row make_fullwidth=\u00bboff\u00bb use_custom_width=\u00bboff\u00bb width_unit=\u00bboff\u00bb custom_width_px=\u00bb1080px\u00bb custom_width_percent=\u00bb80%\u00bb use_custom_gutter=\u00bboff\u00bb gutter_width=\u00bb3&#8243; padding_mobile=\u00bboff\u00bb allow_player_pause=\u00bboff\u00bb parallax=\u00bboff\u00bb parallax_method=\u00bbon\u00bb make_equal=\u00bboff\u00bb column_padding_mobile=\u00bbon\u00bb parallax_1=\u00bboff\u00bb parallax_method_1=\u00bbon\u00bb parallax_2=\u00bboff\u00bb parallax_method_2=\u00bbon\u00bb parallax_3=\u00bboff\u00bb parallax_method_3=\u00bbon\u00bb parallax_4=\u00bboff\u00bb parallax_method_4=\u00bbon\u00bb admin_label=\u00bbrow\u00bb disabled=\u00bboff\u00bb][et_pb_column type=\u00bb4_4&#8243; disabled=\u00bboff\u00bb parallax=\u00bboff\u00bb parallax_method=\u00bbon\u00bb column_padding_mobile=\u00bbon\u00bb][et_pb_text background_layout=\u00bblight\u00bb text_orientation=\u00bbleft\u00bb admin_label=\u00bbTexto\u00bb use_border_color=\u00bboff\u00bb border_style=\u00bbsolid\u00bb disabled=\u00bboff\u00bb inline_fonts=\u00bbRaleway\u00bb]<\/p>\n<p>&nbsp;<\/p>\n<p>&nbsp;<\/p>\n<p class=\"MsoNormal\" style=\"margin-bottom: 0cm; line-height: 12pt; background-color: white;\"><span style=\"font-size: large;\"><b><span style=\"font-family: Raleway; padding: 0cm; border: 1pt none windowtext;\">Pol&iacute;tica de Privacidad y Protecci&oacute;n de Datos<\/span><\/b><span style=\"font-family: 'Open Sans', sans-serif;\"><o:p><\/o:p><\/span><\/span><\/p>\n<p class=\"MsoNormal\" style=\"margin-bottom: 0cm; line-height: normal; background-color: white;\"><span style=\"font-size: large;\"><span style=\"font-family: Raleway; color: #666666; padding: 0cm; border: 1pt none windowtext;\">&nbsp;<\/span><span style=\"font-family: 'Open Sans', sans-serif; color: #666666;\"><o:p><\/o:p><\/span><\/span><\/p>\n<p class=\"MsoNormal\" style=\"margin-bottom: 0cm; line-height: normal; background-color: white;\"><span style=\"font-size: large;\"><span style=\"font-family: Raleway; color: #666666; padding: 0cm; border: 1pt none windowtext;\">Hemos adaptado nuestra pol&iacute;tica de privacidad a la nueva RGDP espa&ntilde;ola que entr&oacute; en vigor el pasado 25 de Mayo de 2018<\/span><span style=\"font-family: 'Open Sans', sans-serif; color: #666666;\"><o:p><\/o:p><\/span><\/span><\/p>\n<p class=\"MsoNormal\" style=\"margin-bottom: 0cm; line-height: normal; background-color: white;\"><span style=\"font-size: large;\"><span style=\"font-family: Raleway; color: #666666; padding: 0cm; border: 1pt none windowtext;\">&nbsp;<\/span><span style=\"font-family: 'Open Sans', sans-serif; color: #666666;\"><o:p><\/o:p><\/span><\/span><\/p>\n<p class=\"MsoNormal\" style=\"margin-bottom: 0cm; line-height: normal; background-color: white;\"><span style=\"font-size: large;\"><b><span style=\"font-family: Raleway; color: #666666; padding: 0cm; border: 1pt none windowtext;\">UneSpain.com es consciente de que para los usuarios es sumamente importante que se d&eacute; un tratamiento responsable en la gesti&oacute;n de sus datos personales. Por ello UneSpain.com cumple todas las normas legales de protecci&oacute;n de datos que sean aplicables y establece mecanismos y procedimientos de seguridad para la gesti&oacute;n de estos datos.<\/span><\/b><span style=\"font-family: 'Open Sans', sans-serif; color: #666666;\"><o:p><\/o:p><\/span><\/span><\/p>\n<p class=\"MsoNormal\" style=\"margin-bottom: 0cm; line-height: normal; background-color: white;\"><span style=\"font-size: large;\"><b><span style=\"font-family: Raleway; color: #666666; padding: 0cm; border: 1pt none windowtext;\">&nbsp;<\/span><\/b><span style=\"font-family: 'Open Sans', sans-serif; color: #666666;\"><o:p><\/o:p><\/span><\/span><\/p>\n<p class=\"MsoNormal\" style=\"margin-bottom: 0cm; line-height: normal; background-color: white;\"><span style=\"font-size: large;\"><span style=\"font-family: Raleway; color: #666666; padding: 0cm; border: 1pt none windowtext;\">En el caso que el usuario decida registrarse en&nbsp;<b>UneSpain.com<\/b>&nbsp;deber&aacute; proporcionarnos datos de car&aacute;cter personal mediante la cumplimentaci&oacute;n de un formulario. Sus datos ser&aacute;n tratados conforme a las previsiones de la normativa vigente en Espa&ntilde;a e incorporados a un fichero titularidad de&nbsp;<b>UneSpain.com<\/b>&nbsp;con la finalidad de poder ofrecerle y prestarle nuestros servicios, entre otros:<\/span><span style=\"font-family: 'Open Sans', sans-serif; color: #666666;\"><o:p><\/o:p><\/span><\/span><\/p>\n<p class=\"MsoNormal\" style=\"margin-bottom: 0cm; line-height: normal; background-color: white;\"><span style=\"font-size: large;\"><span style=\"font-family: Raleway; color: #666666; padding: 0cm; border: 1pt none windowtext;\">&nbsp;<\/span><span style=\"font-family: 'Open Sans', sans-serif; color: #666666;\"><o:p><\/o:p><\/span><\/span><\/p>\n<ol style=\"margin-top: 0cm;\" start=\"1\" type=\"1\">\n<li class=\"MsoNormal\" style=\"color: #666666; margin-bottom: 0cm; line-height: 19.5pt;\"><span style=\"font-size: large;\"><span style=\"font-family: Raleway; padding: 0cm; border: 1pt none windowtext;\">Crear una cuenta y perfil (con la posibilidad de hacerlo p&uacute;blico &oacute; an&oacute;nimo)<\/span><span style=\"font-family: 'Open Sans', sans-serif;\"><o:p><\/o:p><\/span><\/span><\/li>\n<li class=\"MsoNormal\" style=\"color: #666666; margin-bottom: 0cm; line-height: 19.5pt;\"><span style=\"font-size: large;\"><span style=\"font-family: Raleway; padding: 0cm; border: 1pt none windowtext;\">Crear una tienda Online con Galeria de productos y certificados de calidad<\/span><span style=\"font-family: 'Open Sans', sans-serif;\"><o:p><\/o:p><\/span><\/span><\/li>\n<li class=\"MsoNormal\" style=\"color: #666666; margin-bottom: 0cm; line-height: 19.5pt;\"><span style=\"font-size: large;\"><span style=\"font-family: Raleway; padding: 0cm; border: 1pt none windowtext;\">Publicar servicios online (ofertas y demandas)<\/span><span style=\"font-family: 'Open Sans', sans-serif;\"><o:p><\/o:p><\/span><\/span><\/li>\n<li class=\"MsoNormal\" style=\"color: #666666; margin-bottom: 0cm; line-height: 19.5pt;\"><span style=\"font-size: large;\"><span style=\"font-family: Raleway; padding: 0cm; border: 1pt none windowtext;\">Enviar y comparar presupuestos online<\/span><span style=\"font-family: 'Open Sans', sans-serif;\"><o:p><\/o:p><\/span><\/span><\/li>\n<li class=\"MsoNormal\" style=\"color: #666666; margin-bottom: 0cm; line-height: 19.5pt;\"><span style=\"font-size: large;\"><span style=\"font-family: Raleway; padding: 0cm; border: 1pt none windowtext;\">Buscar a un profesional o empresa de forma directa en nuestro Buscador<\/span><span style=\"font-family: 'Open Sans', sans-serif;\"><o:p><\/o:p><\/span><\/span><\/li>\n<li class=\"MsoNormal\" style=\"color: #666666; margin-bottom: 0cm; line-height: 19.5pt;\"><span style=\"font-size: large;\"><span style=\"font-family: Raleway; padding: 0cm; border: 1pt none windowtext;\">Recibir comunicaciones, mensajes y alertas por correo electr&oacute;nico recordando que siempre se podr&aacute; cambiar la configuraci&oacute;n de privacidad en los ajustes del &aacute;rea privada del usuario.<\/span><span style=\"font-family: 'Open Sans', sans-serif;\"><o:p><\/o:p><\/span><\/span><\/li>\n<\/ol>\n<p class=\"MsoNormal\" style=\"margin-bottom: 0cm; line-height: normal; background-color: white;\"><span style=\"font-size: large;\"><span style=\"font-family: Raleway; color: #666666; padding: 0cm; border: 1pt none windowtext;\">&nbsp;<\/span><span style=\"font-family: 'Open Sans', sans-serif; color: #666666;\"><o:p><\/o:p><\/span><\/span><\/p>\n<p class=\"MsoNormal\" style=\"margin-bottom: 0cm; line-height: normal; background-color: white;\"><span style=\"font-size: large;\"><span style=\"font-family: Raleway; color: #666666; padding: 0cm; border: 1pt none windowtext;\">El usuario puede ejercitar sus derechos de acceso, rectificaci&oacute;n, cancelaci&oacute;n y oposici&oacute;n, mediante correo electr&oacute;nico a la direcci&oacute;n&nbsp;<\/span><span style=\"color: black; mso-color-alt: windowtext;\"><a href=\"mailto:protecciondedatos@unespain.com\"><span style=\"font-family: Raleway; color: #2ea3f2; padding: 0cm; border: 1pt none windowtext;\">protecciondedatos@unespain.com<\/span><\/a><\/span><span style=\"font-family: Raleway; color: #666666; padding: 0cm; border: 1pt none windowtext;\">&nbsp;&nbsp;o bien por escrito a trav&eacute;s de correo postal dirigido a la sede social sita en C\/ Maria de Molina 64, Piso 1 CP 28006 Madrid (Espa&ntilde;a), acompa&ntilde;ando alg&uacute;n documento que acredite su identidad, como copia del DNI.<\/span><span style=\"font-family: 'Open Sans', sans-serif; color: #666666;\"><o:p><\/o:p><\/span><\/span><\/p>\n<p class=\"MsoNormal\" style=\"margin-bottom: 0cm; line-height: normal; background-color: white;\"><span style=\"font-size: large;\"><span style=\"font-family: Raleway; color: #666666; padding: 0cm; border: 1pt none windowtext;\">&nbsp;<\/span><span style=\"font-family: 'Open Sans', sans-serif; color: #666666;\"><o:p><\/o:p><\/span><\/span><\/p>\n<p class=\"MsoNormal\" style=\"margin-bottom: 0cm; line-height: normal; background-color: white;\"><span style=\"font-size: large;\"><span style=\"font-family: Raleway; color: #666666; padding: 0cm; border: 1pt none windowtext;\">En ning&uacute;n caso, se comunicar&aacute;n los datos a terceros sin que medie consentimiento del interesado, salvo que concurra alg&uacute;n supuesto previsto por la Ley.<\/span><span style=\"font-family: 'Open Sans', sans-serif; color: #666666;\"><o:p><\/o:p><\/span><\/span><\/p>\n<p class=\"MsoNormal\" style=\"margin-bottom: 0cm; line-height: normal; background-color: white;\"><span style=\"font-size: large;\"><span style=\"font-family: Raleway; color: #666666; padding: 0cm; border: 1pt none windowtext;\">&nbsp;<\/span><span style=\"font-family: 'Open Sans', sans-serif; color: #666666;\"><o:p><\/o:p><\/span><\/span><\/p>\n<p class=\"MsoNormal\" style=\"margin-bottom: 0cm; line-height: normal; background-color: white;\"><span style=\"font-size: large;\"><span style=\"font-family: Raleway; color: #666666; padding: 0cm; border: 1pt none windowtext;\">Los datos ser&aacute;n conservados mientras dure la relaci&oacute;n contractual y comercial con&nbsp;<b>UneSpain.com<\/b>, el usuario solicite su supresi&oacute;n, as&iacute; como el tiempo necesario para cumplir las obligaciones legales.<\/span><span style=\"font-family: 'Open Sans', sans-serif; color: #666666;\"><o:p><\/o:p><\/span><\/span><\/p>\n<p class=\"MsoNormal\" style=\"margin-bottom: 0cm; line-height: normal; background-color: white;\"><span style=\"font-size: large;\"><span style=\"font-family: Raleway; color: #666666; padding: 0cm; border: 1pt none windowtext;\">&nbsp;<\/span><span style=\"font-family: 'Open Sans', sans-serif; color: #666666;\"><o:p><\/o:p><\/span><\/span><\/p>\n<p class=\"MsoNormal\" style=\"margin-bottom: 0cm; line-height: normal; background-color: white;\"><span style=\"font-size: large;\"><span style=\"font-family: Raleway; color: #666666; padding: 0cm; border: 1pt none windowtext;\">Todos los datos solicitados en el presente formulario de registro son obligatorios, ya que son necesarios para la prestaci&oacute;n de un servicio &oacute;ptimo al usuario, siendo voluntaria la inclusi&oacute;n de datos en los campos restantes dentro del &aacute;rea privada de la plataforma web. En caso de que no sean facilitados todos los datos,&nbsp;<b>UneSpain.com&nbsp;<\/b>no garantiza que la informaci&oacute;n y servicios facilitados sean completamente ajustados a sus necesidades.<\/span><span style=\"font-family: 'Open Sans', sans-serif; color: #666666;\"><o:p><\/o:p><\/span><\/span><\/p>\n<p class=\"MsoNormal\" style=\"margin-bottom: 0cm; line-height: normal; background-color: white;\"><span style=\"font-size: large;\"><span style=\"font-family: Raleway; color: #666666; padding: 0cm; border: 1pt none windowtext;\">&nbsp;<\/span><span style=\"font-family: 'Open Sans', sans-serif; color: #666666;\"><o:p><\/o:p><\/span><\/span><\/p>\n<p class=\"MsoNormal\" style=\"margin-bottom: 0cm; line-height: normal; background-color: white;\"><span style=\"font-size: large;\"><b><span style=\"font-family: Raleway; color: #666666; padding: 0cm; border: 1pt none windowtext;\">UneSpain.com<\/span><\/b><span style=\"font-family: Raleway; color: #666666; padding: 0cm; border: 1pt none windowtext;\">&nbsp;ha adoptado las medidas t&eacute;cnicas y organizativas necesarias para garantizar la seguridad e integridad de los datos de car&aacute;cter personal que el usuario nos facilite, as&iacute; como evitar su p&eacute;rdida, alteraci&oacute;n y\/o acceso por parte de terceros no autorizados.<\/span><span style=\"font-family: 'Open Sans', sans-serif; color: #666666;\"><o:p><\/o:p><\/span><\/span><\/p>\n<p class=\"MsoNormal\" style=\"margin-bottom: 0cm; line-height: normal; background-color: white;\"><span style=\"font-size: large;\"><span style=\"font-family: Raleway; color: #666666; padding: 0cm; border: 1pt none windowtext;\">&nbsp;<\/span><span style=\"font-family: 'Open Sans', sans-serif; color: #666666;\"><o:p><\/o:p><\/span><\/span><\/p>\n<p class=\"MsoNormal\" style=\"margin-bottom: 0cm; line-height: normal; background-color: white;\"><span style=\"font-size: large;\"><span style=\"font-family: Raleway; color: #666666; padding: 0cm; border: 1pt none windowtext;\">Los Usuarios registrados en&nbsp;<b>UneSpain.com<\/b>&nbsp;aceptan que su imagen &oacute; logo de empresa&nbsp; pueda ser mostrada en la Landing Page de nuestra plataforma web de forma p&uacute;blica salvo que nos indiquen lo contrario. Para ello, pueden configurar su privacidad y hacer su perfil e imagen an&oacute;nima en Ajustes \/ Preferencias del &Aacute;rea Privada de la plataforma web.<\/span><span style=\"font-family: 'Open Sans', sans-serif; color: #666666;\"><o:p><\/o:p><\/span><\/span><\/p>\n<p class=\"MsoNormal\" style=\"margin-bottom: 0cm; line-height: normal; background-color: white;\"><span style=\"font-size: large;\"><span style=\"font-family: Raleway; color: #666666; padding: 0cm; border: 1pt none windowtext;\">&nbsp;<\/span><span style=\"font-family: 'Open Sans', sans-serif; color: #666666;\"><o:p><\/o:p><\/span><\/span><\/p>\n<p class=\"MsoNormal\" style=\"margin-bottom: 0cm; background-color: white;\"><span style=\"font-size: large;\"><b><span style=\"font-family: Raleway; padding: 0cm; border: 1pt none windowtext;\">Pol&iacute;tica de Cookies<\/span><\/b><span style=\"font-family: 'Open Sans', sans-serif;\"><o:p><\/o:p><\/span><\/span><\/p>\n<p class=\"MsoNormal\" style=\"margin-bottom: 0cm; line-height: normal; background-color: white;\"><span style=\"font-size: large; font-family: 'Open Sans', sans-serif; color: #666666;\">&nbsp;<o:p><\/o:p><\/span><\/p>\n<p class=\"MsoNormal\" style=\"margin-bottom: 0cm; line-height: normal; background-color: white;\"><span style=\"font-size: large; font-family: 'Open Sans', sans-serif; color: #666666;\">&nbsp;<o:p><\/o:p><\/span><\/p>\n<p class=\"MsoNormal\" style=\"margin-bottom: 0cm; line-height: normal; background-color: white;\"><span style=\"font-size: large;\"><b><span style=\"font-family: Raleway; color: #666666; padding: 0cm; border: 1pt none windowtext;\">UneSpain.com<\/span><\/b><span style=\"font-family: Raleway; color: #666666; padding: 0cm; border: 1pt none windowtext;\">&nbsp;no almacena datos, ni publicidad de terceros, ni utiliza cookies salvo para controlar el inicio de sesi&oacute;n y navegaci&oacute;n de nuestra aplicaci&oacute;n. Estas se borran una vez que el navegador finaliza la sesi&oacute;n; son temporales, por lo que ninguna queda registrada en el disco duro del Smartphone, PC &oacute; Tablet del usuario.<\/span><span style=\"font-family: 'Open Sans', sans-serif; color: #666666;\"><o:p><\/o:p><\/span><\/span><\/p>\n<p class=\"MsoNormal\" style=\"margin-bottom: 0cm; line-height: normal; background-color: white;\"><span style=\"font-size: large;\"><span style=\"font-family: Raleway; color: #666666; padding: 0cm; border: 1pt none windowtext;\">Es por ello que es importante que cuando termine de usar nuestra aplicaci&oacute;n se aconseja cerrar la sesi&oacute;n pulsando sobre el icono&nbsp;<b>Desconectar<\/b>.<\/span><span style=\"font-family: 'Open Sans', sans-serif; color: #666666;\"><o:p><\/o:p><\/span><\/span><\/p>\n<p class=\"MsoNormal\" style=\"margin-bottom: 0cm; line-height: normal; background-color: white;\"><span style=\"font-size: large;\"><span style=\"font-family: Raleway; color: #666666; padding: 0cm; border: 1pt none windowtext;\">Las preferencias del usuario se guardan en la base de datos en lugar de cookies que el usuario puede configurar en cualquier momento seg&uacute;n sus necesidades.<\/span><span style=\"font-family: 'Open Sans', sans-serif; color: #666666;\"><o:p><\/o:p><\/span><\/span><\/p>\n<p class=\"MsoNormal\" style=\"margin-bottom: 0cm; line-height: normal; background-color: white;\"><span style=\"font-size: large;\"><span style=\"font-family: Raleway; color: #666666; padding: 0cm; border: 1pt none windowtext;\">Para ello, el usuario deber&aacute; ir a&nbsp;<b>Ajustes Perfil<\/b>&nbsp;y luego seleccionar&nbsp;<b>Preferencias<\/b>&nbsp;en el &Aacute;rea Privada de nuestra plataforma web.<\/span><span style=\"font-family: 'Open Sans', sans-serif; color: #666666;\"><o:p><\/o:p><\/span><\/span><\/p>\n<p class=\"MsoNormal\" style=\"margin-bottom: 0cm; line-height: normal; background-color: white;\"><span style=\"font-size: large; font-family: 'Open Sans', sans-serif; color: #666666;\">&nbsp;<o:p><\/o:p><\/span><\/p>\n<p class=\"MsoNormal\" style=\"margin-bottom: 0cm; line-height: normal; background-color: white;\"><span style=\"font-size: large; font-family: 'Open Sans', sans-serif; color: #666666;\">&nbsp;<o:p><\/o:p><\/span><\/p>\n<p class=\"MsoNormal\" style=\"margin-bottom: 0cm; line-height: normal; background-color: white;\"><span style=\"font-size: large;\"><span style=\"font-family: Raleway; color: #666666; padding: 0cm; border: 1pt none windowtext;\">2024 (C) UneSpain Todos los derechos reservados.<\/span><span style=\"font-family: 'Open Sans', sans-serif; color: #666666;\"><o:p><\/o:p><\/span><\/span><\/p>\n<p class=\"MsoNormal\"><o:p>&nbsp;<\/o:p><\/p>\n<p>[\/et_pb_text][\/et_pb_column][\/et_pb_row][\/et_pb_section]<\/p>\n","protected":false},"excerpt":{"rendered":"<p>[et_pb_section transparent_background=\u00bboff\u00bb allow_player_pause=\u00bboff\u00bb inner_shadow=\u00bboff\u00bb parallax=\u00bboff\u00bb parallax_method=\u00bbon\u00bb padding_mobile=\u00bboff\u00bb make_fullwidth=\u00bboff\u00bb use_custom_width=\u00bboff\u00bb width_unit=\u00bboff\u00bb custom_width_px=\u00bb1080px\u00bb custom_width_percent=\u00bb80%\u00bb make_equal=\u00bboff\u00bb use_custom_gutter=\u00bboff\u00bb fullwidth=\u00bboff\u00bb specialty=\u00bboff\u00bb admin_label=\u00bbsection\u00bb disabled=\u00bboff\u00bb][et_pb_row make_fullwidth=\u00bboff\u00bb use_custom_width=\u00bboff\u00bb width_unit=\u00bboff\u00bb custom_width_px=\u00bb1080px\u00bb custom_width_percent=\u00bb80%\u00bb use_custom_gutter=\u00bboff\u00bb gutter_width=\u00bb3&#8243; padding_mobile=\u00bboff\u00bb allow_player_pause=\u00bboff\u00bb parallax=\u00bboff\u00bb parallax_method=\u00bbon\u00bb make_equal=\u00bboff\u00bb column_padding_mobile=\u00bbon\u00bb parallax_1=\u00bboff\u00bb parallax_method_1=\u00bbon\u00bb parallax_2=\u00bboff\u00bb parallax_method_2=\u00bbon\u00bb parallax_3=\u00bboff\u00bb parallax_method_3=\u00bbon\u00bb parallax_4=\u00bboff\u00bb parallax_method_4=\u00bbon\u00bb admin_label=\u00bbrow\u00bb disabled=\u00bboff\u00bb][et_pb_column type=\u00bb4_4&#8243; disabled=\u00bboff\u00bb parallax=\u00bboff\u00bb parallax_method=\u00bbon\u00bb column_padding_mobile=\u00bbon\u00bb][et_pb_text background_layout=\u00bblight\u00bb text_orientation=\u00bbleft\u00bb admin_label=\u00bbTexto\u00bb use_border_color=\u00bboff\u00bb border_style=\u00bbsolid\u00bb disabled=\u00bboff\u00bb inline_fonts=\u00bbRaleway\u00bb] &nbsp; &nbsp; [&hellip;]<\/p>\n","protected":false},"author":2,"featured_media":0,"parent":0,"menu_order":0,"comment_status":"closed","ping_status":"closed","template":"","meta":{"_et_pb_use_builder":"on","_et_pb_old_content":"<p>\u00a0<\/p><p>\u00a0<\/p><h5><strong>Pol\u00edtica de Privacidad y Protecci\u00f3n de Datos<\/strong><\/h5><p>\u00a0<\/p><p>Hemos adaptado nuestra pol\u00edtica de privacidad a la nueva RGDP espa\u00f1ola que entr\u00f3 en vigor el 25 de Mayo de 2018<\/p><p>\u00a0<\/p><p><strong>UneSpain.com es consciente de que para los usuarios es sumamente importante que se d\u00e9 un tratamiento responsable en la gesti\u00f3n de sus datos personales. Por ello UneSpain.com cumple todas las normas legales de protecci\u00f3n de datos que sean aplicables y establece mecanismos y procedimientos de seguridad para la gesti\u00f3n de estos datos.<\/strong><\/p><p><strong>\u00a0<\/strong><\/p><p>En el caso que el usuario decida registrarse en\u00a0<strong>UneSpain.com<\/strong>\u00a0deber\u00e1 proporcionarnos datos de car\u00e1cter personal mediante la cumplimentaci\u00f3n de un formulario. Sus datos ser\u00e1n tratados conforme a las previsiones de la normativa vigente en Espa\u00f1a e incorporados a un fichero titularidad de\u00a0<strong>UneSpain.com<\/strong>\u00a0con la finalidad de poder ofrecerle y prestarle nuestros servicios, entre otros:<\/p><p>\u00a0<\/p><ol><li>Crear una cuenta y perfil (con la posibilidad de hacerlo p\u00fablico \u00f3 an\u00f3nimo)<\/li><li>Publicar servicios online (ofertas y demandas)<\/li><li>Enviar y comparar presupuestos online<\/li><li>Buscar a un profesional o empresa de forma directa en nuestro Buscador<\/li><li>Recibir comunicaciones, mensajes y alertas por correo electr\u00f3nico recordando que siempre se podr\u00e1 cambiar la configuraci\u00f3n de privacidad en los ajustes del \u00e1rea privada del usuario.<\/li><\/ol><p>\u00a0<\/p><p>El usuario puede ejercitar sus derechos de acceso, rectificaci\u00f3n, cancelaci\u00f3n y oposici\u00f3n, mediante correo electr\u00f3nico a la direcci\u00f3n\u00a0<a href=\"mailto:protecciondedatos@unespain.com\">protecciondedatos@unespain.com<\/a>\u00a0\u00a0o bien por escrito a trav\u00e9s de correo postal dirigido a la sede social sita en C\/ Maria de Molina 64, Piso 1 CP 28006 Madrid (Espa\u00f1a), acompa\u00f1ando alg\u00fan documento que acredite su identidad, como copia del DNI.<\/p><p>\u00a0<\/p><p>En ning\u00fan caso, se comunicar\u00e1n los datos a terceros sin que medie consentimiento del interesado, salvo que concurra alg\u00fan supuesto previsto por la Ley.<\/p><p>\u00a0<\/p><p>Los datos ser\u00e1n conservados mientras dure la relaci\u00f3n contractual y comercial con\u00a0<strong>UneSpain.com<\/strong>, el usuario solicite su supresi\u00f3n, as\u00ed como el tiempo necesario para cumplir las obligaciones legales.<\/p><p>\u00a0<\/p><p>Todos los datos solicitados en el presente formulario de registro son obligatorios, ya que son necesarios para la prestaci\u00f3n de un servicio \u00f3ptimo al usuario, siendo voluntaria la inclusi\u00f3n de datos en los campos restantes dentro del \u00e1rea privada de la plataforma web. En caso de que no sean facilitados todos los datos,\u00a0<strong>UneSpain.com\u00a0<\/strong>no garantiza que la informaci\u00f3n y servicios facilitados sean completamente ajustados a sus necesidades.<\/p><p>\u00a0<\/p><p><strong>UneSpain.com<\/strong>\u00a0ha adoptado las medidas t\u00e9cnicas y organizativas necesarias para garantizar la seguridad e integridad de los datos de car\u00e1cter personal que el usuario nos facilite, as\u00ed como evitar su p\u00e9rdida, alteraci\u00f3n y\/o acceso por parte de terceros no autorizados.<\/p><p>\u00a0<\/p><p>Los Usuarios registrados en <strong>UneSpain.com<\/strong> aceptan que su imagen \u00f3 logo de empresa\u00a0 pueda ser mostrada en la Landing Page de nuestra plataforma web de forma p\u00fablica salvo que nos indiquen lo contrario. Para ello, pueden configurar su privacidad y hacer su perfil e imagen an\u00f3nima en Ajustes \/ Preferencias del \u00c1rea Privada de la plataforma web.<\/p><p>\u00a0<\/p><h4><strong>Pol\u00edtica de Cookies<\/strong><\/h4><p><strong>UneSpain.com<\/strong>\u00a0no almacena datos, ni publicidad de terceros, ni utiliza cookies salvo para controlar el inicio de sesi\u00f3n y navegaci\u00f3n de nuestra aplicaci\u00f3n. Estas se borran una vez que el navegador finaliza la sesi\u00f3n; son temporales, por lo que ninguna queda registrada en el disco duro del Smartphone, PC \u00f3 Tablet del usuario.<\/p><p>Es por ello que es importante que cuando termine de usar nuestra aplicaci\u00f3n se aconseja cerrar la sesi\u00f3n pulsando sobre el icono <strong>Desconectar<\/strong>.<\/p><p>Las preferencias del usuario se guardan en la base de datos en lugar de cookies que el usuario puede configurar en cualquier momento seg\u00fan sus necesidades.<\/p><p>Para ello, el usuario deber\u00e1 ir a <strong>Ajustes Perfil<\/strong> y luego seleccionar <strong>Preferencias<\/strong> en el \u00c1rea Privada de nuestra plataforma web.<\/p><p>\u00a0<\/p><p>\u00a0<\/p>","_et_gb_content_width":"","om_disable_all_campaigns":false,"_monsterinsights_skip_tracking":false,"_monsterinsights_sitenote_active":false,"_monsterinsights_sitenote_note":"","_monsterinsights_sitenote_category":0,"_joinchat":[],"footnotes":""},"class_list":["post-246","page","type-page","status-publish","hentry"],"aioseo_notices":[],"_links":{"self":[{"href":"https:\/\/unespain.com\/es\/wp-json\/wp\/v2\/pages\/246","targetHints":{"allow":["GET"]}}],"collection":[{"href":"https:\/\/unespain.com\/es\/wp-json\/wp\/v2\/pages"}],"about":[{"href":"https:\/\/unespain.com\/es\/wp-json\/wp\/v2\/types\/page"}],"author":[{"embeddable":true,"href":"https:\/\/unespain.com\/es\/wp-json\/wp\/v2\/users\/2"}],"replies":[{"embeddable":true,"href":"https:\/\/unespain.com\/es\/wp-json\/wp\/v2\/comments?post=246"}],"version-history":[{"count":20,"href":"https:\/\/unespain.com\/es\/wp-json\/wp\/v2\/pages\/246\/revisions"}],"predecessor-version":[{"id":1896,"href":"https:\/\/unespain.com\/es\/wp-json\/wp\/v2\/pages\/246\/revisions\/1896"}],"wp:attachment":[{"href":"https:\/\/unespain.com\/es\/wp-json\/wp\/v2\/media?parent=246"}],"curies":[{"name":"wp","href":"https:\/\/api.w.org\/{rel}","templated":true}]}}